{"id":6847,"date":"2020-10-27T11:53:46","date_gmt":"2020-10-27T11:53:46","guid":{"rendered":"http:\/\/capethemes.com\/demo\/newsource\/health\/?page_id=2"},"modified":"2022-01-24T20:57:25","modified_gmt":"2022-01-24T20:57:25","slug":"il-saluto-del-presidente","status":"publish","type":"page","link":"https:\/\/www.aimbitalia.it\/it\/il-saluto-del-presidente\/","title":{"rendered":"Il Presidente Nazionale AIMB si racconta&#8230;.."},"content":{"rendered":"<p><span style=\"color: #333399;\"><em>Nasco a Nola, in provincia d\u00ec Napoli nel 1971, pi\u00f9 precisamente il 31 ottobre, segno zodiacale Scorpione.<\/em><\/span><br \/>\n<span style=\"color: #333399;\"><em>Durante gli studi, oltre alla passione per il calcio, che accomunava un po\u2019 tutti gli allora giovani, a 15 anni mi appassionai al ballo ed iniziai a ballare con discreto successo, devo ammettere. Gi\u00e0 a 19 anni si svegliarono i miei primi stimoli \u201cimprenditoriali\u201d e, oltre che a ballare, mi appassionai all\u2019insegnamento. Mi dedicai alle danze standard, ai balli latino americane ed al liscio unificato.<\/em><\/span><br \/>\n<span style=\"color: #333399;\"><em>Cominciai a ballare giovanissimo, con una altrettanto giovane dama, colei che poi divenne la compagna ed unica donna della mia vita: Carla MAURO.<\/em><\/span><br \/>\n<span style=\"color: #333399;\"><em>La nostra carriera inizi\u00f2 prima in FIDS, da amatori, dove partecipammo a numerose competizioni.<\/em><\/span><br \/>\n<span style=\"color: #333399;\"><em>Successivamente abbandonammo il ruolo di agonisti e passammo professionisti, e ci iscrivemmo all\u2019ANMB\/WDC (associazione nazionale maestri di ballo\/world dance council).<\/em><\/span><br \/>\n<span style=\"color: #333399;\"><em>Come detto prima avevo gi\u00e0 da giovane una vena imprenditoriale accentuata ed ero appassionato di Politica tanto che, nel 1996, consegu\u00ec una Laurea in Business Administration presso il Trinity College.<\/em><\/span><br \/>\n<span style=\"color: #333399;\"><em>Questa mia passione mi spinse a conoscere il ballo sempre pi\u00f9 profondamente e la sua politica pi\u00f9 da vicino.<\/em><\/span><br \/>\n<span style=\"color: #333399;\"><em>Tanto fu che nel 1998<\/em><\/span><br \/>\n<span style=\"color: #333399;\"><em>fui eletto consigliere nel comitato regionale ANMB Campania.<\/em><\/span><br \/>\n<span style=\"color: #333399;\"><em>Da qui la mia innata passione verticalizz\u00f2 la mia \u201ccarriera\u201d che esplose ad una velocit\u00e0 esponenziale.<\/em><\/span><br \/>\n<span style=\"color: #333399;\"><em>La mia attitudine al confronto, alle relazioni umane, alla diligency, mi guid\u00f2, negli anni successivi, verso incarichi sempre pi\u00f9 prestigiosi.<\/em><\/span><br \/>\n<span style=\"color: #333399;\"><em>Dapprima fui eletto vicepresidente del comitato regionale Campania dell\u2019ANMB per poi divenirne, dopo poco, Presidente.<\/em><\/span><br \/>\n<span style=\"color: #333399;\"><em>Il mio \u201cpercorso politico\u201d<\/em><\/span><br \/>\n<span style=\"color: #333399;\"><em>nel Mondo del Ballo mi ha permesso non solo di raggiungere traguardi importanti ma mi ha addirittura posto come rappresentate di tutti i tecnici campani attraverso la Lega Dei Tecnici di cui, allora, era presidente nazionale il Sig. Paolo SPACCAVENTO.<\/em><\/span><br \/>\n<span style=\"color: #333399;\"><em>Nel 2007 la mia carriera politica arriv\u00f2 fino alla carica di Consigliere Nazionale dell\u2019ANMB, dove venivo eletto, con un altissimo consenso, primo consigliere in Italia.<\/em><\/span><br \/>\n<span style=\"color: #333399;\"><em>Ma la mia carriera prosegui verso conferme sempre via via pi\u00f9 importanti tanto da ricevere la carica di vicepresidente vicario di ANMB, nel 2011, quando era ancora Presidente il compianto Stefano FRANCIA.<\/em><\/span><br \/>\n<span style=\"color: #333399;\"><em>Come accade spesso in questi casi, quando si raggiungono traguardi cos\u00ec ragguardevoli in tempi, peraltro, cos\u00ec brevi, suscitai le \u201csgradite attenzioni\u201d di coloro che mi vedevano un pericolo per il loro posto e cos\u00ec, proprio per la lealt\u00e0 che credo mi abbia sempre contraddistinto e per rispetto dei miei ideali, a cui ho creduto e credo ancora profondamente , nel 2012 rassegnai spontaneamente le mie dimissioni.<\/em><\/span><br \/>\n<span style=\"color: #333399;\"><em>Forse proprio il 2012 rappresenta uno dei miei pi\u00f9 importanti guadi: ho attraversato non un torrente ma un burrone perch\u00e9 quando ho lasciato l\u2019ANMB ho dato pi\u00f9 retta al mio istinto che alla mia ragione. Mi sono trovato a decidere, in poco tempo, cosa fare della mia \u201ccarriera politica\u201d, del mio amore per il ballo e per i ballerini, della mia voglia di costruire e non demolire.<\/em><\/span><br \/>\n<span style=\"color: #333399;\"><em>Decisi allora (devo riconoscere con molto coraggio) di costituire una realt\u00e0 che si anteponesse all\u2019ANMB per spirito e contenuti e cos\u00ec fondai l\u2019AIMB, l\u2019associazione italiana maestri di ballo.<\/em><\/span><br \/>\n<span style=\"color: #333399;\"><em>Non fu semplice questa decisione, sofferta quanto quella di lasciare l\u2019ANMB, per\u00f2 devo dire che dai frutti raccolti, la semina \u00e8 stata eccellente.<\/em><\/span><br \/>\n<span style=\"color: #333399;\"><em>Partii con pochi (ma veri) amici al mio fianco, con i quali costitui il CNA, consiglio nazionale di amministrazione.<\/em><\/span><br \/>\n<span style=\"color: #333399;\"><em>Ricordo che giravo per l\u2019Italia intera alla ricerca di iscritti e di collaborazione e ci\u00f2 che mi ha stupito, da subito, e tanto, \u00e8 stata la partecipazione di tanti e tanti iscritti ANMB che, saputa la mia decisione di abbandonare e la mia scelta di costituire l\u2019AIMB, spontaneamente passarono con la mia associazione. <\/em><\/span><br \/>\n<span style=\"color: #333399;\"><em>Gi\u00e0 da subito l\u2019AIMB divenne non solo il riferimento del dissenso cresciuto in ANMB, ma divenne SOPRATTUTTO la dimora di chi voleva delle condizioni che potevano rispettare chi ballava, realmente.<\/em><\/span><br \/>\n<span style=\"color: #333399;\"><em>La crescita esponenziale dell\u2019AIMB port\u00f2 la necessit\u00e0 della costituzione di una Federazione amatoriale e cos\u00ec nacque anche la FIDA ITALIA,federazione italiana danza amatoriale (oggi agonistica).<\/em><\/span><br \/>\n<span style=\"color: #333399;\"><em>Credo che l\u2019AIMB costituisca l\u2019approdo per chi, come me, ha sempre creduto che la Politica nel Ballo dovesse costituire un reparto omogeneo dove Maestri e Ballerini potessero trovare ci\u00f2 di cui avevano bisogno.<\/em><\/span><br \/>\n<span style=\"color: #333399;\"><em>Da parte gli interessi personali, i privilegi, le presunzioni, l\u2019AIMB ha offerto \u201cuna casa\u201d a tutti coloro che amavano ed amano ballare, dove gli introiti vengono realmente investiti in programmi, eventi, gare, borse di studio.<\/em><\/span><br \/>\n<span style=\"color: #333399;\"><em>Il Ballerino ed il Maestro devo sentirsi \u201cavvolti e protetti\u201d dalla Politica e non guardarsene.<\/em><\/span><br \/>\n<span style=\"color: #333399;\"><em>Il fallimento di molte neofite associazioni di ballo, il declino inarrestabile di storiche associazioni di ballo, la nostra crescita esponenziale fa comprendere come, per noi, la Politica \u00e8 stata vincente in questi anni.<\/em><\/span><br \/>\n<span style=\"color: #333399;\"><em>I Valori di lealt\u00e0 e correttezza con cui sono cresciuto e a cui mi sono sempre aggrappato, anche durante la mia scalata sociale, hanno avuto la meglio su affaristi e incapaci.<\/em><\/span><br \/>\n<span style=\"color: #333399;\"><em>Oggi, da Presidente, da Uomo e da Padre l\u2019unico vero e sincero messaggio che voglio lanciare a chi decide di occuparsi politicamente dello sport, \u00e8 che bisogna combattere con forza per i propri ideali senza permettere a nessuno di scalfirli, ma bisogna combattere anche lealmente con chi non la pensa come te perch\u00e9 \u00e8 giustissimo che tu difenda il tuo pensiero, ma devi combattere fino alla fine affinch\u00e9 il tuo antagonista possa sempre esprimere il proprio di pensiero, liberamente.<\/em><\/span><br \/>\n<span style=\"color: #333399;\"><em>Su questo innegabile ed unico principio democratico si basa tutta la mia esistenza politica, e forse il segreto del mio successo \u00e8 ed \u00e8 stata la libert\u00e0 che ho concesso a chiunque non la pensasse come me, di esprimersi liberamente, anche e soprattutto all\u2019interno della mia associazione, senza mai negare a nessuno la possibilit\u00e0 di pensarla diversamente da me.<\/em><\/span><br \/>\n<span style=\"color: #333399;\"><em>Se riuscirai ad affermare l\u2019idea che in una grande organizzazione possono coesistere pensieri, idee, programmi e mete diverse allora sarai sempre rispettato, perch\u00e9 rispetterai gli altri.<\/em><\/span><br \/>\n<span style=\"color: #333399;\"><em>Il segreto del mio modesto successo? siete stati voi, le vostre iniziative, i vostri impegni, la vostra coesione. Questo mi ha realizzato ed insieme abbiamo creato la grande famiglia AIMB e FIDA ITALIA \ud83c\uddee\ud83c\uddf9<\/em><\/span><\/p>\n<p><span style=\"color: #333399;\"><strong><em>Con stima<\/em><\/strong><\/span><br \/>\n<span style=\"color: #333399;\"><strong><em>Nicola AMATO<\/em><\/strong><\/span><\/p>\n","protected":false},"excerpt":{"rendered":"<p>Nasco a Nola, in provincia d\u00ec Napoli nel 1971, pi\u00f9 precisamente il 31 ottobre, segno zodiacale Scorpione. Durante gli studi, oltre alla passione per il calcio, che accomunava un po\u2019 [&hellip;]<\/p>\n","protected":false},"author":2,"featured_media":8864,"parent":0,"menu_order":0,"comment_status":"closed","ping_status":"open","template":"","meta":{"tdm_status":"","tdm_grid_status":"","footnotes":""},"class_list":["post-6847","page","type-page","status-publish","has-post-thumbnail"],"amp_enabled":true,"_links":{"self":[{"href":"https:\/\/www.aimbitalia.it\/it\/wp-json\/wp\/v2\/pages\/6847","targetHints":{"allow":["GET"]}}],"collection":[{"href":"https:\/\/www.aimbitalia.it\/it\/wp-json\/wp\/v2\/pages"}],"about":[{"href":"https:\/\/www.aimbitalia.it\/it\/wp-json\/wp\/v2\/types\/page"}],"author":[{"embeddable":true,"href":"https:\/\/www.aimbitalia.it\/it\/wp-json\/wp\/v2\/users\/2"}],"replies":[{"embeddable":true,"href":"https:\/\/www.aimbitalia.it\/it\/wp-json\/wp\/v2\/comments?post=6847"}],"version-history":[{"count":5,"href":"https:\/\/www.aimbitalia.it\/it\/wp-json\/wp\/v2\/pages\/6847\/revisions"}],"predecessor-version":[{"id":9312,"href":"https:\/\/www.aimbitalia.it\/it\/wp-json\/wp\/v2\/pages\/6847\/revisions\/9312"}],"wp:featuredmedia":[{"embeddable":true,"href":"https:\/\/www.aimbitalia.it\/it\/wp-json\/wp\/v2\/media\/8864"}],"wp:attachment":[{"href":"https:\/\/www.aimbitalia.it\/it\/wp-json\/wp\/v2\/media?parent=6847"}],"curies":[{"name":"wp","href":"https:\/\/api.w.org\/{rel}","templated":true}]}}