{"id":3,"date":"2020-12-01T18:31:11","date_gmt":"2020-12-01T18:31:11","guid":{"rendered":"https:\/\/aimbitalia.it\/it\/?page_id=3"},"modified":"2022-01-24T11:37:55","modified_gmt":"2022-01-24T11:37:55","slug":"privacy-policy","status":"publish","type":"page","link":"https:\/\/www.aimbitalia.it\/it\/privacy-policy\/","title":{"rendered":"Privacy Policy"},"content":{"rendered":"<p>Gentile Utente, la presente informativa viene resa ai sensi dell&#8217;art.13 del Regolamento Europeo 2016\/679<br \/>\nsulla protezione dei dati personali, nonch\u00e9 ai sensi del D.lgs. 196\/2003 (Codice della Privacy), come<br \/>\nmodificato dal D.lgs. 101\/2018. Secondo la normativa indicata, tale trattamento sar\u00e0 improntato a<br \/>\nprincipi fondamentali, quali, ad esempio, la correttezza, la liceit\u00e0, la trasparenza e la tutela della Sua<br \/>\nriservatezza e dei Suoi diritti.<br \/>\n1) Titolare del Trattamento<br \/>\nIl Titolare del Trattamento \u00e8:<br \/>\nAssociazione Italiana Maestri di Ballo con sede legale in via Nazionale delle Puglie n\u00b0 122 \u2013 Nola (NA),<br \/>\nnella persona del legale rappresentante pro tempore, di seguito, per brevit\u00e0, definito \u201cTitolare\u201d.<br \/>\nPer l\u2019esercizio dei Suoi diritti, elencati al successivo punto 7 della presente informativa, nonch\u00e9 per<br \/>\nqualsiasi altra richiesta, Lei potr\u00e0 contattare il Titolare scrivendo a: info@aimbitalia.it o a mezzo pec:<br \/>\naimbitalia@pec.it o a mezzo raccomandata A\/R all\u2019indirizzo sopra riportato.<br \/>\n2) Cookie<br \/>\nI cookie sono dati che vengono inviati dal sito web e memorizzati dal browser Internet nel computer o in<br \/>\naltro dispositivo (ad esempio, tablet o cellulare) dell\u2019utente.<br \/>\nSi informa, fin da ora, che l\u2019Associazione Italiana Maestri di Ballo impiega unicamente cookie di natura<br \/>\ntecnica e statistica, il cui utilizzo \u00e8 indispensabile per il corretto funzionamento del Sito (per quanto<br \/>\nconcerne i cookie tecnici) o vengono impiegati per la raccolta, in forma anonima, di dati riguardanti la<br \/>\nnavigazione e l\u2019utilizzo del Sito (cookie statistici).<br \/>\nPer tutto ci\u00f2 che riguarda le informazioni sui cookie si rimanda alla specifica informativa pubblicata alla<br \/>\nseguente pagina: https:\/\/www.aimbitalia.it\/it\/cookies-policy\/<br \/>\n3) Quali dati trattiamo &#8211; Oggetto del Trattamento<br \/>\nIl Sito web www.aimbitalia.it tratta solo i dati comuni ed identificativi degli Utenti che visitano il Sito.<br \/>\nNello specifico:<br \/>\nPer tutti gli Utenti che navigano sul Sito Web \u2022 Indirizzo IP<br \/>\n\u2022 Dati di navigazione<br \/>\nPer gli Utenti che utilizzano i form di Contatto \u2022 Nome<br \/>\n\u2022 Cognome<br \/>\n\u2022 Indirizzo e-mail dell\u2019Utente<br \/>\n\u2022 Informazioni geografiche<br \/>\n\u2022 Contenuto della comunicazione<br \/>\nPer gli Utenti che utilizzano l\u2019area riservata \u2022 Nome<br \/>\n\u2022 Cognome<br \/>\n\u2022 Indirizzo e-mail dell\u2019Utente<br \/>\n\u2022 Informazioni geografiche<br \/>\n\u2022 Documentazione caricata<br \/>\n\u2022 Dati bancari e di pagamento<br \/>\nL&#8217;Associazione Italiana Maestri di Ballo potrebbe acquisire, in via del tutto occasionale, anche eventuali<br \/>\ndati personali appartenenti a categorie particolati forniti dal Cliente per eseguire determinate operazioni.<br \/>\nIl mancato conferimento dei dati necessari potrebbe impedire all\u2019Associazione di stipulare il contratto o<br \/>\nsoddisfare quanto da lei richiesto.<br \/>\n4) Base giuridica del Trattamento<br \/>\nNello specifico, per le finalit\u00e0 di cui al punto 5.1 la base giuridica \u00e8 il suo libero consenso.<br \/>\n5) Finalit\u00e0 del Trattamento e Natura del conferimento dei Dati<br \/>\nI dati personali acquisiti saranno trattati esclusivamente per:<br \/>\n1) Gestione della Sua richiesta, inviata mediante il form di contatto presente nell\u2019apposita pagina del<br \/>\nSito, e attraverso tutte le pagine social e gli strumenti di messaggistica istantanea di cui si avvale<br \/>\nl\u2019Associazione Italiana Maestri di Ballo, quali, ad esempio, Facebook, Messenger, WhatsApp,<br \/>\nWhatsApp Business, Instagram etc.<br \/>\n2) Gestione del Suo ordine, inviato mediante l\u2019e-commerce presente dell\u2019apposita sezione del Sito.<br \/>\nIl conferimento dei dati personali per la finalit\u00e0 prevista al punto 5.1 \u00e8 facoltativo. Il rifiuto a fornirli \u00e8<br \/>\nlegittimo, ma in tal caso si precisa che non potremo procedere a gestire le Sue comunicazioni e<br \/>\nrisponderle. Il consenso potr\u00e0 essere revocato in qualsiasi momento, non pregiudicando la liceit\u00e0 del<br \/>\ntrattamento precedente.<br \/>\n6) Modalit\u00e0 del Trattamento<br \/>\nL\u2019Associazione Italiana Maestri di Ballo tratter\u00e0 i Suoi dati sia in modo cartaceo, sia attraverso l\u2019ausilio di<br \/>\nstrumenti elettronici, informatici o supporti magnetici, mediante le seguenti operazioni: raccolta,<br \/>\nregistrazione, organizzazione, strutturazione, aggiornamento, conservazione, adattamento o modifica,<br \/>\nestrazione ed analisi, consultazione, uso, comunicazione mediante trasmissione, raffronto,<br \/>\ninterconnessione, limitazione, cancellazione o distruzione.<br \/>\nL\u2019Associazione Italiana Maestri di Ballo tratter\u00e0 i Suoi dati attraverso l\u2019ausilio di applicazioni informatiche<br \/>\nquali WhatsApp, WhatsApp Business, Facebook, Messenger, Instagram, etc. Pu\u00f2 chiedere in qualunque<br \/>\nmomento l\u2019elenco completo dei programmi utilizzati al Titolare del trattamento.<br \/>\nIl trattamento avverr\u00e0 nel rispetto della normativa vigente e con le pi\u00f9 idonee misure di sicurezza,<br \/>\nconformemente a quanto previsto dall\u2019art. 32 del Regolamento UE 2016\/679.<br \/>\n7) Durata del Trattamento<br \/>\nIl trattamento dei dati oggetto delle finalit\u00e0 di cui al punto 5.1 avverr\u00e0 per un periodo non superiore a 24<br \/>\nmesi dalla raccolta, salvo revoca del Suo consenso prima dello scadere di tale termine o l\u2019insorgenza di<br \/>\neventi eccezionali che ne giustifichino una conservazione ulteriore, opportunamente documentati.<br \/>\n9) Destinatari dei Dati<br \/>\nOltre all\u2019Associazione Italiana Maestri di Ballo, in quanto Titolare del Trattamento, in alcuni casi i suoi dati<br \/>\npotrebbero essere comunicati ad altri soggetti, che li tratteranno in qualit\u00e0 di autonomi Titolari o<br \/>\nResponsabili del trattamento ai sensi dell\u2019art. 28 del Regolamento (UE) 2016\/679. L\u2019elenco aggiornato dei<br \/>\nResponsabili pu\u00f2 essere richiesto al Titolare.<br \/>\nA titolo esemplificativo e non esaustivo, i Suoi dati potranno essere comunicati a:<br \/>\n1. A dipendenti e collaboratori dell\u2019Associazione Italiana Maestri di Ballo, nella loro qualit\u00e0 di persone<br \/>\nautorizzate al trattamento dei dati;<br \/>\n2. Consulenti legali, fiscali, contabili e tributari del Titolare, legati al vincolo di segretezza<br \/>\nprofessionale e, a seconda dei casi, titolari autonomi o responsabili esterni del trattamento;<br \/>\n3. Societ\u00e0 informatiche di cui il Titolare si avvale per la gestione del sito internet, nonch\u00e9 le altre<br \/>\nsociet\u00e0 fornitrici di servizi collaterali e funzionali alle attivit\u00e0 aziendali;<br \/>\n4. Societ\u00e0, Associazioni, Enti del Terzo Settore, ODV con i quali l\u2019Associazione Italiana Maestri di Ballo<br \/>\nha stretto accordi di collaborazione, partenariato o affiliazione.<br \/>\nDesideriamo specificarle che i Suoi dati personali non sono oggetto di diffusione.<br \/>\n10) Trasferimento dei Dati<br \/>\nI dati sono conservati all\u2019interno della Unione Europea e non sono normalmente soggetti a trasferimento.<br \/>\nLaddove, per le medesime finalit\u00e0 di cui al punto 3. i dati personali fossero trasferiti fuori dal territorio<br \/>\nnazionale e\\o comunitario, ci\u00f2 avverr\u00e0 verso Paesi aventi garanzie adeguate in base ai parametri della<br \/>\nCommissione Europea (art. 45 del Regolamento UE 2016\/679). Il Titolare verificher\u00e0 l&#8217;adeguatezza della<br \/>\nnazione ricevente i dati, onde assicurare le dovute garanzie all&#8217;interessato. Negli altri casi il trasferimento<br \/>\nsar\u00e0 consentito sempre previo consenso dell&#8217;interessato e previa autorizzazione dell&#8217;Autorit\u00e0 di Controllo.<br \/>\nIl Titolare fornir\u00e0 comunque una dedicata informativa all&#8217;interessato. L&#8217;elenco delle societ\u00e0 straniere con<br \/>\nle quali il Titolare ha sottoscritto contratti di reciprocit\u00e0 \u00e8 disponibile su richiesta dell&#8217;interessato.<br \/>\n11) Reclami<br \/>\nQuale soggetto interessato, avr\u00e0 il diritto di proporre reclamo a un\u2019Autorit\u00e0 di Controllo, individuata nel<br \/>\nGarante per la Protezione dei Dati Personali (www.garanteprivacy.it).<br \/>\nDesiderando risolvere celermente le problematiche eventualmente riscontrate dagli Utenti, \u00e8 altres\u00ec<br \/>\npossibile proporre un reclamo direttamente all\u2019Associazione Italiana Maestri di Ballo inviando una mail<br \/>\na info@aimbitalia.it o una pec all\u2019indirizzo aimbitalia@pec.it. Se desidera inviare il Suo reclamo a mezzo<br \/>\nposta, la preghiamo di indirizzarlo a:<br \/>\nAssociazione Italiana Maestri di Ballo con sede legale in via Nazionale delle Puglie n\u00b0 122 \u2013<br \/>\n80035, Nola (NA)<br \/>\nIl Suo reclamo verr\u00e0 gestito nel minor tempo possibile.<br \/>\n12) Diritti degli Interessati<br \/>\nNella Vostra qualit\u00e0 di interessati, avete i diritti di cui all\u2019art. 7 Codice Privacy e art. da 15 a 22 del GDPR<br \/>\ne precisamente i diritti di:<br \/>\nI) ottenere la conferma dell\u2019esistenza o meno di dati personali che Vi riguardano, anche se non ancora<br \/>\nregistrati, e la loro comunicazione in forma intelligibile;<br \/>\nII) ottenere l\u2019indicazione: a) dell\u2019origine dei dati personali; b) delle finalit\u00e0 e modalit\u00e0 del trattamento; c)<br \/>\ndella logica applicata in caso di trattamento effettuato con l\u2019ausilio di strumenti elettronici; d) degli<br \/>\nestremi identificativi del titolare, dei responsabili e del rappresentante designato ai sensi dell\u2019art. 5,<br \/>\ncomma 2 Codice Privacy e art. 3, comma 1, GDPR; e) dei soggetti o delle categorie di soggetti ai quali i dati<br \/>\npersonali possono essere comunicati o che possono venirne a conoscenza in qualit\u00e0 di rappresentante<br \/>\ndesignato nel territorio dello Stato, di responsabili o incaricati;<br \/>\nIII) ottenere: a) l\u2019aggiornamento, la rettificazione ovvero, quando ne avete interesse, l\u2019integrazione dei<br \/>\ndati; b) la cancellazione, la trasformazione in forma anonima o il blocco dei dati trattati in violazione di<br \/>\nlegge, compresi quelli di cui non \u00e8 necessaria la conservazione in relazione agli scopi per i quali i dati sono<br \/>\nstati raccolti o successivamente trattati; c) l\u2019attestazione che le operazioni di cui alle lettere a) e b) sono<br \/>\nstate portate a conoscenza, anche per quanto riguarda il loro contenuto, di coloro ai quali i dati sono stati<br \/>\ncomunicati o diffusi, eccettuato il caso in cui tale adempimento si rivela impossibile o comporta un<br \/>\nimpiego di mezzi manifestamente sproporzionato rispetto al diritto tutelato;<br \/>\nIV) opporVi, in tutto o in parte: a) per motivi legittimi al trattamento dei dati personali che Vi riguardano,<br \/>\nancorch\u00e9 pertinenti allo scopo della raccolta; b) al trattamento di dati personali che Vi riguardano a fini di<br \/>\ninvio di materiale pubblicitario o di vendita diretta o per il compimento di ricerche di mercato o di<br \/>\ncomunicazione commerciale, mediante l\u2019uso di sistemi automatizzati di chiamata senza l\u2019intervento di un<br \/>\noperatore mediante e-mail e\/o mediante modalit\u00e0 di marketing tradizionali mediante telefono e\/o posta<br \/>\ncartacea. Si fa presente che il diritto di opposizione dell\u2019interessato, esposto al precedente punto b), per<br \/>\nfinalit\u00e0 di marketing diretto mediante modalit\u00e0 automatizzate si estende a quelle tradizionali e che<br \/>\ncomunque resta salva la possibilit\u00e0 per l\u2019interessato di esercitare il diritto di opposizione anche solo in<br \/>\nparte. Pertanto, l\u2019interessato pu\u00f2 decidere di ricevere solo comunicazioni mediante modalit\u00e0 tradizionali<br \/>\novvero solo comunicazioni automatizzate, oppure nessuna delle due tipologie di comunicazione.<br \/>\nOve applicabili, avete altres\u00ec i diritti di cui agli artt. 16-21 GDPR (Diritto di rettifica, diritto all\u2019oblio, diritto<br \/>\ndi limitazione di trattamento, diritto alla portabilit\u00e0 dei dati, diritto di opposizione), nonch\u00e9 il diritto di<br \/>\nreclamo all\u2019Autorit\u00e0 Garante.<br \/>\nPotr\u00e0 rivolgersi in qualsiasi momento al Titolare del Trattamento, ai recapiti sopra indicati, per<br \/>\nl\u2019esercizio di tali diritti. La Sua richiesta verr\u00e0 gestita nel minor tempo possibile e al massimo entro un<br \/>\nmese, salvo casi di particolare complessit\u00e0. Laddove si verificasse questa ipotesi, sar\u00e0 premura del<br \/>\nTitolare avvisarla prontamente.<br \/>\n13) Modifiche alla presente Informativa<br \/>\nIl Titolare si riserva il diritto di aggiornare la presente Informativa per adeguarla all\u2019evoluzione normativa<br \/>\no per altre ragioni tecniche, senza preavviso.<br \/>\nLa data di ultima modifica della presente informativa \u00e8 indicata nell\u2019incipit della stessa.<br \/>\nL\u2019interessato potr\u00e0 visionare il testo dell\u2019informativa costantemente aggiornata sul sito internet<br \/>\nwww.aimbitalia.it.<\/p>\n","protected":false},"excerpt":{"rendered":"<p>Gentile Utente, la presente informativa viene resa ai sensi dell&#8217;art.13 del Regolamento Europeo 2016\/679 sulla protezione dei dati personali, nonch\u00e9 ai sensi del D.lgs. 196\/2003 (Codice della Privacy), come modificato [&hellip;]<\/p>\n","protected":false},"author":2,"featured_media":0,"parent":0,"menu_order":0,"comment_status":"closed","ping_status":"open","template":"","meta":{"tdm_status":"","tdm_grid_status":"","footnotes":""},"class_list":["post-3","page","type-page","status-publish"],"amp_enabled":true,"_links":{"self":[{"href":"https:\/\/www.aimbitalia.it\/it\/wp-json\/wp\/v2\/pages\/3","targetHints":{"allow":["GET"]}}],"collection":[{"href":"https:\/\/www.aimbitalia.it\/it\/wp-json\/wp\/v2\/pages"}],"about":[{"href":"https:\/\/www.aimbitalia.it\/it\/wp-json\/wp\/v2\/types\/page"}],"author":[{"embeddable":true,"href":"https:\/\/www.aimbitalia.it\/it\/wp-json\/wp\/v2\/users\/2"}],"replies":[{"embeddable":true,"href":"https:\/\/www.aimbitalia.it\/it\/wp-json\/wp\/v2\/comments?post=3"}],"version-history":[{"count":2,"href":"https:\/\/www.aimbitalia.it\/it\/wp-json\/wp\/v2\/pages\/3\/revisions"}],"predecessor-version":[{"id":9245,"href":"https:\/\/www.aimbitalia.it\/it\/wp-json\/wp\/v2\/pages\/3\/revisions\/9245"}],"wp:attachment":[{"href":"https:\/\/www.aimbitalia.it\/it\/wp-json\/wp\/v2\/media?parent=3"}],"curies":[{"name":"wp","href":"https:\/\/api.w.org\/{rel}","templated":true}]}}